{"id":12,"date":"2016-04-06T16:50:24","date_gmt":"2016-04-06T16:50:24","guid":{"rendered":"http:\/\/magazine.local\/?page_id=12"},"modified":"2024-01-04T13:05:53","modified_gmt":"2024-01-04T19:05:53","slug":"quienes-somos","status":"publish","type":"page","link":"https:\/\/staging.laprensanic.com\/magazine\/quienes-somos\/","title":{"rendered":"Qui\u00e9nes Somos"},"content":{"rendered":"\n<p>Magazine es una revista que cuenta historias a trav\u00e9s de reportajes, perfiles y entrevistas sobre temas o personajes pasados y de actualidad. Es elaborada con rigor y destinada a satisfacer el inter\u00e9s del lector exigente que busca entretenimiento, informaci\u00f3n y modos de vida.<\/p>\n\n\n\n<p>Cultura, historia, pol\u00edtica, salud, decoraci\u00f3n, moda, curiosidades y dem\u00e1s temas se presentan de manera atractiva y completa, para el gusto y provecho de nuestros lectores.<\/p>\n\n\n\n<p><strong>\u00bfCu\u00e1ndo surgi\u00f3?<br><\/strong>El primer n\u00famero sale a circulaci\u00f3n el domingo 18 de enero de 2004.<\/p>\n\n\n\n<p><strong>\u00bfC\u00f3mo surgi\u00f3?<br><\/strong>La Prensa estudiaba varias opciones para fortalecer su edici\u00f3n dominical. Una de ellas era un suplemento de reportajes y entrevistas, que finalmente se transform\u00f3 en una revista mensual con mayor contenido, manteniendo y procurando mejorar la calidad que nos caracteriza. De esta manera el primer domingo de cada mes nuestros suscriptores pueden leer nuestra edici\u00f3n del mes y siempre est\u00e1 a su disposici\u00f3n el archivo con m\u00e1s de 300 ediciones y m\u00e1s de mil reportajes, entrevistas y perfiles.<\/p>\n\n\n\n<p><strong>\u00bfQui\u00e9nes la elaboran?<br><\/strong>Para su elaboraci\u00f3n se eligi\u00f3 un equipo de redactores y fot\u00f3grafos de la mayor calidad. El equipo Magazine posee experiencia en el manejo de formatos period\u00edsticos como la cr\u00f3nica, el reportaje y el perfil, por lo que nuestro producto es una pieza de valor para el lector que busca historias con estilo de periodismo narrativo.<\/p>\n","protected":false},"excerpt":{"rendered":"<p>Magazine es una revista que cuenta historias a trav\u00e9s de reportajes, perfiles y entrevistas sobre temas o personajes pasados y de actualidad. Es elaborada con rigor y destinada a satisfacer el inter\u00e9s del lector exigente que busca entretenimiento, informaci\u00f3n y modos de vida. Cultura, historia, pol\u00edtica, salud, decoraci\u00f3n, moda, curiosidades y dem\u00e1s temas se presentan [&hellip;]<\/p>\n","protected":false},"author":5091,"featured_media":30772,"parent":0,"menu_order":0,"comment_status":"closed","ping_status":"closed","template":"","meta":{"_acf_changed":false,"footnotes":""},"class_list":["post-12","page","type-page","status-publish","has-post-thumbnail","hentry"],"acf":[],"_links":{"self":[{"href":"https:\/\/staging.laprensanic.com\/magazine\/wp-json\/wp\/v2\/pages\/12","targetHints":{"allow":["GET"]}}],"collection":[{"href":"https:\/\/staging.laprensanic.com\/magazine\/wp-json\/wp\/v2\/pages"}],"about":[{"href":"https:\/\/staging.laprensanic.com\/magazine\/wp-json\/wp\/v2\/types\/page"}],"author":[{"embeddable":true,"href":"https:\/\/staging.laprensanic.com\/magazine\/wp-json\/wp\/v2\/users\/5091"}],"replies":[{"embeddable":true,"href":"https:\/\/staging.laprensanic.com\/magazine\/wp-json\/wp\/v2\/comments?post=12"}],"version-history":[{"count":9,"href":"https:\/\/staging.laprensanic.com\/magazine\/wp-json\/wp\/v2\/pages\/12\/revisions"}],"predecessor-version":[{"id":58596,"href":"https:\/\/staging.laprensanic.com\/magazine\/wp-json\/wp\/v2\/pages\/12\/revisions\/58596"}],"wp:featuredmedia":[{"embeddable":true,"href":"https:\/\/staging.laprensanic.com\/magazine\/wp-json\/wp\/v2\/media\/30772"}],"wp:attachment":[{"href":"https:\/\/staging.laprensanic.com\/magazine\/wp-json\/wp\/v2\/media?parent=12"}],"curies":[{"name":"wp","href":"https:\/\/api.w.org\/{rel}","templated":true}]}}