{"id":14,"date":"2016-04-06T20:07:04","date_gmt":"2016-04-06T20:07:04","guid":{"rendered":"http:\/\/magazine.local\/?page_id=14"},"modified":"2023-12-21T00:03:26","modified_gmt":"2023-12-21T06:03:26","slug":"archivo","status":"publish","type":"page","link":"https:\/\/staging.laprensanic.com\/magazine\/archivo\/","title":{"rendered":"Ediciones anteriores"},"content":{"rendered":"\n<p class=\"has-text-align-left\">M\u00e1s de 200 ediciones en l\u00ednea con cientos de reportajes, cr\u00f3nicas y perfiles nacionales e internacionales. Historias nicarag\u00fcenses de ayer y hoy que s\u00f3lo podr\u00e1 encontrar aqu\u00ed.<\/p>\n\n\n\n<p class=\"has-text-color has-link-color wp-elements-c28203a5973738b5bea4481e0dab18fa\" style=\"color:#818181;font-size:14px\">Actualmente, nuestro archivo est\u00e1 en construcci\u00f3n para que pronto pueda tener acceso a todas las ediciones publicadas por esta revista. Pedimos disculpas por los inconvenientes, estamos trabajando para ofrecerles un mejor servicio y agradecemos su fiel lector\u00eda.<\/p>\n","protected":false},"excerpt":{"rendered":"<p>M\u00e1s de 200 ediciones en l\u00ednea con cientos de reportajes, cr\u00f3nicas y perfiles nacionales e internacionales. Historias nicarag\u00fcenses de ayer y hoy que s\u00f3lo podr\u00e1 encontrar aqu\u00ed. Actualmente, nuestro archivo est\u00e1 en construcci\u00f3n para que pronto pueda tener acceso a todas las ediciones publicadas por esta revista. Pedimos disculpas por los inconvenientes, estamos trabajando para [&hellip;]<\/p>\n","protected":false},"author":5091,"featured_media":33879,"parent":0,"menu_order":0,"comment_status":"closed","ping_status":"closed","template":"page-archive.php","meta":{"_acf_changed":false,"footnotes":""},"class_list":["post-14","page","type-page","status-publish","has-post-thumbnail","hentry"],"acf":[],"_links":{"self":[{"href":"https:\/\/staging.laprensanic.com\/magazine\/wp-json\/wp\/v2\/pages\/14","targetHints":{"allow":["GET"]}}],"collection":[{"href":"https:\/\/staging.laprensanic.com\/magazine\/wp-json\/wp\/v2\/pages"}],"about":[{"href":"https:\/\/staging.laprensanic.com\/magazine\/wp-json\/wp\/v2\/types\/page"}],"author":[{"embeddable":true,"href":"https:\/\/staging.laprensanic.com\/magazine\/wp-json\/wp\/v2\/users\/5091"}],"replies":[{"embeddable":true,"href":"https:\/\/staging.laprensanic.com\/magazine\/wp-json\/wp\/v2\/comments?post=14"}],"version-history":[{"count":5,"href":"https:\/\/staging.laprensanic.com\/magazine\/wp-json\/wp\/v2\/pages\/14\/revisions"}],"predecessor-version":[{"id":57949,"href":"https:\/\/staging.laprensanic.com\/magazine\/wp-json\/wp\/v2\/pages\/14\/revisions\/57949"}],"wp:featuredmedia":[{"embeddable":true,"href":"https:\/\/staging.laprensanic.com\/magazine\/wp-json\/wp\/v2\/media\/33879"}],"wp:attachment":[{"href":"https:\/\/staging.laprensanic.com\/magazine\/wp-json\/wp\/v2\/media?parent=14"}],"curies":[{"name":"wp","href":"https:\/\/api.w.org\/{rel}","templated":true}]}}